{"id":12469,"date":"2016-01-23T13:42:01","date_gmt":"2016-01-23T13:42:01","guid":{"rendered":"http:\/\/sitesao.com\/luxury\/main\/?page_id=12469"},"modified":"2021-08-12T04:02:37","modified_gmt":"2021-08-12T04:02:37","slug":"home-creative-2","status":"publish","type":"page","link":"https:\/\/indeso.org\/","title":{"rendered":"Home Creative 2"},"content":{"rendered":"<p>[vc_row][vc_column][rev_slider_vc alias=&#8221;indesofull&#8221;][\/vc_column][\/vc_row][vc_row css=&#8221;.vc_custom_1628714784091{padding-top: 10px !important;padding-bottom: 10px !important;background-color: #dd9933 !important;}&#8221;][vc_column][vc_row_inner wrap_type=&#8221;in_container&#8221;][vc_column_inner width=&#8221;1\/2&#8243; offset=&#8221;vc_col-lg-3 vc_col-md-3&#8243;][dh_counter speed=&#8221;5000&#8243; number_font_size=&#8221;24&#8243; units_font_size=&#8221;24&#8243; text_font_size=&#8221;16&#8243; number=&#8221;750&#8243; text=&#8221;Proyectos Realizados&#8221; text_color=&#8221;#ffffff&#8221; number_color=&#8221;#ffffff&#8221; units=&#8221;+&#8221; units_color=&#8221;#ffffff&#8221;][\/vc_column_inner][vc_column_inner width=&#8221;1\/2&#8243; offset=&#8221;vc_col-lg-3 vc_col-md-3&#8243;][dh_counter speed=&#8221;5000&#8243; number_font_size=&#8221;24&#8243; units_font_size=&#8221;24&#8243; text_font_size=&#8221;16&#8243; number=&#8221;20000&#8243; text=&#8221;Personas Capacitadas&#8221; text_color=&#8221;#ffffff&#8221; number_color=&#8221;#ffffff&#8221; units=&#8221;+&#8221; units_color=&#8221;#ffffff&#8221;][\/vc_column_inner][vc_column_inner width=&#8221;1\/2&#8243; offset=&#8221;vc_col-lg-3 vc_col-md-3&#8243;][dh_counter speed=&#8221;5000&#8243; number_font_size=&#8221;24&#8243; units_font_size=&#8221;24&#8243; text_font_size=&#8221;16&#8243; number=&#8221;30.000&#8243; text=&#8221;Publicaciones&#8221; text_color=&#8221;#ffffff&#8221; number_color=&#8221;#ffffff&#8221; units=&#8221;+&#8221; units_color=&#8221;#ffffff&#8221;][\/vc_column_inner][vc_column_inner width=&#8221;1\/2&#8243; offset=&#8221;vc_col-lg-3 vc_col-md-3&#8243;][dh_counter speed=&#8221;5000&#8243; number_font_size=&#8221;24&#8243; units_font_size=&#8221;24&#8243; text_font_size=&#8221;16&#8243; number=&#8221;300&#8243; text=&#8221;Articulos Publicados&#8221; text_color=&#8221;#ffffff&#8221; number_color=&#8221;#ffffff&#8221; units=&#8221;+&#8221; units_color=&#8221;#ffffff&#8221;][\/vc_column_inner][\/vc_row_inner][\/vc_column][\/vc_row][vc_row equal_height=&#8221;yes&#8221; content_placement=&#8221;middle&#8221; css=&#8221;.vc_custom_1628716122228{background-image: url(http:\/\/indeso.org\/sitio\/wp-content\/uploads\/2021\/07\/Sin-ti\u0301tulo15-3-scaled.jpg?id=1062) !important;background-position: center !important;background-repeat: no-repeat !important;background-size: cover !important;}&#8221;][vc_column][vc_row_inner wrap_type=&#8221;in_container&#8221;][vc_column_inner css=&#8221;.vc_custom_1453561523655{padding-top: 30px !important;padding-bottom: 50px !important;}&#8221; offset=&#8221;vc_col-lg-6 vc_col-md-6&#8243;][vc_custom_heading text=&#8221;PROYECTOS&#8221; font_container=&#8221;tag:h2|font_size:36|text_align:left|color:%23ffffff&#8221; use_theme_fonts=&#8221;yes&#8221; css=&#8221;.vc_custom_1628715963302{margin-top: 0px !important;margin-bottom: 0px !important;}&#8221;][vc_column_text css=&#8221;.vc_custom_1628716136682{margin-top: 30px !important;margin-bottom: 55px !important;}&#8221;]<\/p>\n<h3><span style=\"color: #ffffff;\"><strong>Proyecto: \u00bfC\u00f3mo educar sobre Masculinidades y Equidad de G\u00e9nero, en la econom\u00eda familiar de la precariedad, en la pandemia y al regreso de la nueva normalidad?<\/strong><\/span><\/h3>\n<p>[\/vc_column_text][dh_button title=&#8221;VER PROYECTO&#8221; btn_icon_type=&#8221;fontawesome&#8221; btn_icon_align=&#8221;right&#8221; btn_icon_slide_in=&#8221;yes&#8221; icon_fontawesome=&#8221;fa fa-long-arrow-right&#8221; style=&#8221;outline&#8221; color=&#8221;white&#8221; href=&#8221;http:\/\/indeso.org\/?p=1076&#8243;][\/vc_column_inner][\/vc_row_inner][\/vc_column][\/vc_row][vc_row wrap_type=&#8221;in_container&#8221; css=&#8221;.vc_custom_1453559610537{padding-top: 70px !important;padding-bottom: 35px !important;}&#8221;][vc_column width=&#8221;1\/2&#8243;][vc_video link=&#8221;https:\/\/www.youtube.com\/watch?v=1UiveKdftQg&#8221; align=&#8221;center&#8221;][\/vc_column][vc_column width=&#8221;1\/2&#8243;][vc_video link=&#8221;https:\/\/www.youtube.com\/watch?v=tal6-2fiVIU&#8221; align=&#8221;center&#8221;][\/vc_column][\/vc_row][vc_row css=&#8221;.vc_custom_1453560951877{margin-bottom: 0px !important;padding-top: 35px !important;padding-bottom: 35px !important;background-color: #efefef !important;}&#8221;][vc_column css=&#8221;.vc_custom_1453540894636{padding-top: 0px !important;}&#8221;][dh_client images=&#8221;13106,13107&#8243; visible=&#8221;2&#8243; style=&#8221;grayscale&#8221;][\/vc_column][\/vc_row]<\/p>\n","protected":false},"excerpt":{"rendered":"<p>[vc_row][vc_column][rev_slider_vc alias=&#8221;indesofull&#8221;][\/vc_column][\/vc_row][vc_row css=&#8221;.vc_custom_1628714784091{padding-top: 10px !important;padding-bottom: 10px !important;background-color: #dd9933 !important;}&#8221;][vc_column][vc_row_inner wrap_type=&#8221;in_container&#8221;][vc_column_inner width=&#8221;1\/2&#8243; offset=&#8221;vc_col-lg-3 vc_col-md-3&#8243;][dh_counter speed=&#8221;5000&#8243; number_font_size=&#8221;24&#8243; units_font_size=&#8221;24&#8243; text_font_size=&#8221;16&#8243; number=&#8221;750&#8243; text=&#8221;Proyectos Realizados&#8221; text_color=&#8221;#ffffff&#8221; number_color=&#8221;#ffffff&#8221; units=&#8221;+&#8221; units_color=&#8221;#ffffff&#8221;][\/vc_column_inner][vc_column_inner width=&#8221;1\/2&#8243; offset=&#8221;vc_col-lg-3 vc_col-md-3&#8243;][dh_counter speed=&#8221;5000&#8243; number_font_size=&#8221;24&#8243; units_font_size=&#8221;24&#8243; text_font_size=&#8221;16&#8243; number=&#8221;20000&#8243; text=&#8221;Personas Capacitadas&#8221; text_color=&#8221;#ffffff&#8221; number_color=&#8221;#ffffff&#8221; units=&#8221;+&#8221; units_color=&#8221;#ffffff&#8221;][\/vc_column_inner][vc_column_inner width=&#8221;1\/2&#8243; offset=&#8221;vc_col-lg-3 vc_col-md-3&#8243;][dh_counter speed=&#8221;5000&#8243; number_font_size=&#8221;24&#8243; units_font_size=&#8221;24&#8243; text_font_size=&#8221;16&#8243; number=&#8221;30.000&#8243; text=&#8221;Publicaciones&#8221; text_color=&#8221;#ffffff&#8221; number_color=&#8221;#ffffff&#8221; units=&#8221;+&#8221; units_color=&#8221;#ffffff&#8221;][\/vc_column_inner][vc_column_inner width=&#8221;1\/2&#8243; offset=&#8221;vc_col-lg-3 vc_col-md-3&#8243;][dh_counter speed=&#8221;5000&#8243; number_font_size=&#8221;24&#8243; units_font_size=&#8221;24&#8243; text_font_size=&#8221;16&#8243; number=&#8221;300&#8243; text=&#8221;Articulos&#8230;<\/p>\n","protected":false},"author":1,"featured_media":0,"parent":0,"menu_order":0,"comment_status":"closed","ping_status":"closed","template":"page-full-width.php","meta":{"footnotes":""},"_links":{"self":[{"href":"https:\/\/indeso.org\/index.php?rest_route=\/wp\/v2\/pages\/12469"}],"collection":[{"href":"https:\/\/indeso.org\/index.php?rest_route=\/wp\/v2\/pages"}],"about":[{"href":"https:\/\/indeso.org\/index.php?rest_route=\/wp\/v2\/types\/page"}],"author":[{"embeddable":true,"href":"https:\/\/indeso.org\/index.php?rest_route=\/wp\/v2\/users\/1"}],"replies":[{"embeddable":true,"href":"https:\/\/indeso.org\/index.php?rest_route=%2Fwp%2Fv2%2Fcomments&post=12469"}],"version-history":[{"count":11,"href":"https:\/\/indeso.org\/index.php?rest_route=\/wp\/v2\/pages\/12469\/revisions"}],"predecessor-version":[{"id":13109,"href":"https:\/\/indeso.org\/index.php?rest_route=\/wp\/v2\/pages\/12469\/revisions\/13109"}],"wp:attachment":[{"href":"https:\/\/indeso.org\/index.php?rest_route=%2Fwp%2Fv2%2Fmedia&parent=12469"}],"curies":[{"name":"wp","href":"https:\/\/api.w.org\/{rel}","templated":true}]}}